{"id":4958,"date":"2022-10-18T15:25:28","date_gmt":"2022-10-18T15:25:28","guid":{"rendered":"http:\/\/desarrollo.oficina.eserviciosat.net\/edw_wp_\/?page_id=4958"},"modified":"2025-10-10T13:28:51","modified_gmt":"2025-10-10T17:28:51","slug":"ofrece","status":"publish","type":"page","link":"https:\/\/www.eduweb.com.ve\/?page_id=4958","title":{"rendered":"Ofrece"},"content":{"rendered":"\t\t<div data-elementor-type=\"wp-page\" data-elementor-id=\"4958\" class=\"elementor elementor-4958\">\n\t\t\t\t\t\t<section class=\"elementor-section elementor-top-section elementor-element elementor-element-d47964f elementor-section-full_width elementor-section-stretched elementor-section-height-default elementor-section-height-default\" data-id=\"d47964f\" data-element_type=\"section\" data-e-type=\"section\" data-settings=\"{&quot;stretch_section&quot;:&quot;section-stretched&quot;}\">\n\t\t\t\t\t\t<div class=\"elementor-container elementor-column-gap-default\">\n\t\t\t\t\t<div class=\"elementor-column elementor-col-100 elementor-top-column elementor-element elementor-element-eba1dbc\" data-id=\"eba1dbc\" data-element_type=\"column\" data-e-type=\"column\">\n\t\t\t<div class=\"elementor-widget-wrap elementor-element-populated\">\n\t\t\t\t\t\t<div class=\"elementor-element elementor-element-647c237 elementor-widget elementor-widget-image\" data-id=\"647c237\" data-element_type=\"widget\" data-e-type=\"widget\" data-widget_type=\"image.default\">\n\t\t\t\t<div class=\"elementor-widget-container\">\n\t\t\t\t\t\t\t\t\t\t\t\t\t\t\t<img fetchpriority=\"high\" decoding=\"async\" width=\"5000\" height=\"704\" src=\"https:\/\/www.eduweb.com.ve\/wp-content\/uploads\/2023\/09\/control-estudios-23.png\" class=\"attachment-full size-full wp-image-8659\" alt=\"\" srcset=\"https:\/\/www.eduweb.com.ve\/wp-content\/uploads\/2023\/09\/control-estudios-23.png 5000w, https:\/\/www.eduweb.com.ve\/wp-content\/uploads\/2023\/09\/control-estudios-23-300x42.png 300w, https:\/\/www.eduweb.com.ve\/wp-content\/uploads\/2023\/09\/control-estudios-23-768x108.png 768w, https:\/\/www.eduweb.com.ve\/wp-content\/uploads\/2023\/09\/control-estudios-23-1536x216.png 1536w, https:\/\/www.eduweb.com.ve\/wp-content\/uploads\/2023\/09\/control-estudios-23-2048x288.png 2048w\" sizes=\"(max-width: 5000px) 100vw, 5000px\" \/>\t\t\t\t\t\t\t\t\t\t\t\t\t\t\t<\/div>\n\t\t\t\t<\/div>\n\t\t\t\t\t<\/div>\n\t\t<\/div>\n\t\t\t\t\t<\/div>\n\t\t<\/section>\n\t\t\t\t<section class=\"elementor-section elementor-top-section elementor-element elementor-element-48ceaa1d elementor-section-stretched elementor-section-boxed elementor-section-height-default elementor-section-height-default\" data-id=\"48ceaa1d\" data-element_type=\"section\" data-e-type=\"section\" data-settings=\"{&quot;background_background&quot;:&quot;gradient&quot;,&quot;stretch_section&quot;:&quot;section-stretched&quot;}\">\n\t\t\t\t\t\t\t<div class=\"elementor-background-overlay\"><\/div>\n\t\t\t\t\t\t\t<div class=\"elementor-container elementor-column-gap-default\">\n\t\t\t\t\t<div class=\"elementor-column elementor-col-100 elementor-top-column elementor-element elementor-element-948a584\" data-id=\"948a584\" data-element_type=\"column\" data-e-type=\"column\">\n\t\t\t<div class=\"elementor-widget-wrap elementor-element-populated\">\n\t\t\t\t\t\t<section class=\"elementor-section elementor-inner-section elementor-element elementor-element-fe643a5 elementor-section-full_width elementor-section-height-default elementor-section-height-default\" data-id=\"fe643a5\" data-element_type=\"section\" data-e-type=\"section\">\n\t\t\t\t\t\t\t<div class=\"elementor-background-overlay\"><\/div>\n\t\t\t\t\t\t\t<div class=\"elementor-container elementor-column-gap-default\">\n\t\t\t\t\t<div class=\"elementor-column elementor-col-50 elementor-inner-column elementor-element elementor-element-70e310d9 animated-slow elementor-invisible\" data-id=\"70e310d9\" data-element_type=\"column\" data-e-type=\"column\" data-settings=\"{&quot;background_background&quot;:&quot;classic&quot;,&quot;animation&quot;:&quot;fadeIn&quot;}\">\n\t\t\t<div class=\"elementor-widget-wrap elementor-element-populated\">\n\t\t\t\t\t<div class=\"elementor-background-overlay\"><\/div>\n\t\t\t\t\t\t<div class=\"elementor-element elementor-element-6a5898e elementor-invisible elementor-widget elementor-widget-image\" data-id=\"6a5898e\" data-element_type=\"widget\" data-e-type=\"widget\" data-settings=\"{&quot;_animation&quot;:&quot;fadeInDown&quot;}\" data-widget_type=\"image.default\">\n\t\t\t\t<div class=\"elementor-widget-container\">\n\t\t\t\t\t\t\t\t\t\t\t\t\t\t\t<img decoding=\"async\" src=\"https:\/\/www.eduweb.com.ve\/wp-content\/uploads\/elementor\/thumbs\/comunicacion-qmr1mlrbpankivxtqaiz16tpyfbdbg25t101zfewyg.png\" title=\"comunicacion\" alt=\"comunicacion\" loading=\"lazy\" \/>\t\t\t\t\t\t\t\t\t\t\t\t\t\t\t<\/div>\n\t\t\t\t<\/div>\n\t\t\t\t<div class=\"elementor-element elementor-element-4257200 elementor-widget elementor-widget-heading\" data-id=\"4257200\" data-element_type=\"widget\" data-e-type=\"widget\" data-widget_type=\"heading.default\">\n\t\t\t\t<div class=\"elementor-widget-container\">\n\t\t\t\t\t<h2 class=\"elementor-heading-title elementor-size-default\">Todo en un solo lugar<\/h2>\t\t\t\t<\/div>\n\t\t\t\t<\/div>\n\t\t\t\t<div class=\"elementor-element elementor-element-b0af552 elementor-widget elementor-widget-text-editor\" data-id=\"b0af552\" data-element_type=\"widget\" data-e-type=\"widget\" data-widget_type=\"text-editor.default\">\n\t\t\t\t<div class=\"elementor-widget-container\">\n\t\t\t\t\t\t\t\t\t<p>El sistema permite que el docente pueda calificar las evaluaciones cuantitativas o evaluaciones cualitativas (competencias e indicadores).<\/p>\n<p><br><\/p>\n<p>Eduweb tambi\u00e9n maneja Planes de C\u00e1tedra.<\/p>\t\t\t\t\t\t\t\t<\/div>\n\t\t\t\t<\/div>\n\t\t\t\t\t<\/div>\n\t\t<\/div>\n\t\t\t\t<div class=\"elementor-column elementor-col-50 elementor-inner-column elementor-element elementor-element-19ea047 animated-slow elementor-invisible\" data-id=\"19ea047\" data-element_type=\"column\" data-e-type=\"column\" data-settings=\"{&quot;background_background&quot;:&quot;classic&quot;,&quot;animation&quot;:&quot;fadeIn&quot;}\">\n\t\t\t<div class=\"elementor-widget-wrap elementor-element-populated\">\n\t\t\t\t\t<div class=\"elementor-background-overlay\"><\/div>\n\t\t\t\t\t\t<div class=\"elementor-element elementor-element-65569e6 elementor-invisible elementor-widget elementor-widget-image\" data-id=\"65569e6\" data-element_type=\"widget\" data-e-type=\"widget\" data-settings=\"{&quot;_animation&quot;:&quot;fadeInDown&quot;}\" data-widget_type=\"image.default\">\n\t\t\t\t<div class=\"elementor-widget-container\">\n\t\t\t\t\t\t\t\t\t\t\t\t\t\t\t<img decoding=\"async\" src=\"https:\/\/www.eduweb.com.ve\/wp-content\/uploads\/elementor\/thumbs\/privacidad-qmr1xuvriw25itld0nn6duldzhukgzqh0q6btoq8go.png\" title=\"privacidad\" alt=\"privacidad\" loading=\"lazy\" \/>\t\t\t\t\t\t\t\t\t\t\t\t\t\t\t<\/div>\n\t\t\t\t<\/div>\n\t\t\t\t<div class=\"elementor-element elementor-element-d758631 elementor-widget elementor-widget-heading\" data-id=\"d758631\" data-element_type=\"widget\" data-e-type=\"widget\" data-widget_type=\"heading.default\">\n\t\t\t\t<div class=\"elementor-widget-container\">\n\t\t\t\t\t<h2 class=\"elementor-heading-title elementor-size-default\">Privacidad en el uso de datos<\/h2>\t\t\t\t<\/div>\n\t\t\t\t<\/div>\n\t\t\t\t<div class=\"elementor-element elementor-element-034981f elementor-widget elementor-widget-text-editor\" data-id=\"034981f\" data-element_type=\"widget\" data-e-type=\"widget\" data-widget_type=\"text-editor.default\">\n\t\t\t\t<div class=\"elementor-widget-container\">\n\t\t\t\t\t\t\t\t\t<p>El colegio puede compartir f\u00e1cilmente, de manera privada, con cada representante y alumnos el resultado de las calificaciones reflejadas en las actividades de los planes de evaluaci\u00f3n.<\/p>\t\t\t\t\t\t\t\t<\/div>\n\t\t\t\t<\/div>\n\t\t\t\t\t<\/div>\n\t\t<\/div>\n\t\t\t\t\t<\/div>\n\t\t<\/section>\n\t\t\t\t<section class=\"elementor-section elementor-inner-section elementor-element elementor-element-590f383 elementor-section-full_width elementor-section-height-default elementor-section-height-default\" data-id=\"590f383\" data-element_type=\"section\" data-e-type=\"section\">\n\t\t\t\t\t\t\t<div class=\"elementor-background-overlay\"><\/div>\n\t\t\t\t\t\t\t<div class=\"elementor-container elementor-column-gap-default\">\n\t\t\t\t\t<div class=\"elementor-column elementor-col-50 elementor-inner-column elementor-element elementor-element-90b1433 animated-slow elementor-invisible\" data-id=\"90b1433\" data-element_type=\"column\" data-e-type=\"column\" data-settings=\"{&quot;background_background&quot;:&quot;classic&quot;,&quot;animation&quot;:&quot;fadeIn&quot;}\">\n\t\t\t<div class=\"elementor-widget-wrap elementor-element-populated\">\n\t\t\t\t\t<div class=\"elementor-background-overlay\"><\/div>\n\t\t\t\t\t\t<div class=\"elementor-element elementor-element-bd9680e elementor-invisible elementor-widget elementor-widget-image\" data-id=\"bd9680e\" data-element_type=\"widget\" data-e-type=\"widget\" data-settings=\"{&quot;_animation&quot;:&quot;fadeInDown&quot;}\" data-widget_type=\"image.default\">\n\t\t\t\t<div class=\"elementor-widget-container\">\n\t\t\t\t\t\t\t\t\t\t\t\t\t\t\t<img decoding=\"async\" src=\"https:\/\/www.eduweb.com.ve\/wp-content\/uploads\/elementor\/thumbs\/corte-de-notas-qmr1xs28ydyajzpgh4faodb07c8gtwfa0c7vduuezc.png\" title=\"corte de notas\" alt=\"corte de notas\" loading=\"lazy\" \/>\t\t\t\t\t\t\t\t\t\t\t\t\t\t\t<\/div>\n\t\t\t\t<\/div>\n\t\t\t\t<div class=\"elementor-element elementor-element-c1d0e7d elementor-widget elementor-widget-heading\" data-id=\"c1d0e7d\" data-element_type=\"widget\" data-e-type=\"widget\" data-widget_type=\"heading.default\">\n\t\t\t\t<div class=\"elementor-widget-container\">\n\t\t\t\t\t<h2 class=\"elementor-heading-title elementor-size-default\">Corte de notas actualizado<\/h2>\t\t\t\t<\/div>\n\t\t\t\t<\/div>\n\t\t\t\t<div class=\"elementor-element elementor-element-1ca620c elementor-widget elementor-widget-text-editor\" data-id=\"1ca620c\" data-element_type=\"widget\" data-e-type=\"widget\" data-widget_type=\"text-editor.default\">\n\t\t\t\t<div class=\"elementor-widget-container\">\n\t\t\t\t\t\t\t\t\t<p>El docente carga continuamente los resultados de las evaluaciones en el sistema.\u00a0Los representantes y alumnos puede consultar de manera individual y privada los resultados de las evaluaciones.<\/p>\t\t\t\t\t\t\t\t<\/div>\n\t\t\t\t<\/div>\n\t\t\t\t\t<\/div>\n\t\t<\/div>\n\t\t\t\t<div class=\"elementor-column elementor-col-50 elementor-inner-column elementor-element elementor-element-24534ff animated-slow elementor-invisible\" data-id=\"24534ff\" data-element_type=\"column\" data-e-type=\"column\" data-settings=\"{&quot;background_background&quot;:&quot;classic&quot;,&quot;animation&quot;:&quot;fadeIn&quot;}\">\n\t\t\t<div class=\"elementor-widget-wrap elementor-element-populated\">\n\t\t\t\t\t<div class=\"elementor-background-overlay\"><\/div>\n\t\t\t\t\t\t<div class=\"elementor-element elementor-element-b994d50 elementor-invisible elementor-widget elementor-widget-image\" data-id=\"b994d50\" data-element_type=\"widget\" data-e-type=\"widget\" data-settings=\"{&quot;_animation&quot;:&quot;fadeInDown&quot;}\" data-widget_type=\"image.default\">\n\t\t\t\t<div class=\"elementor-widget-container\">\n\t\t\t\t\t\t\t\t\t\t\t\t\t\t\t<img decoding=\"async\" src=\"https:\/\/www.eduweb.com.ve\/wp-content\/uploads\/elementor\/thumbs\/boleta-en-linea-qmr1xr4erjx08dqtmm0o3vjjlyd3m7bjo7kdwkvt5k.png\" title=\"boleta en linea\" alt=\"boleta en linea\" loading=\"lazy\" \/>\t\t\t\t\t\t\t\t\t\t\t\t\t\t\t<\/div>\n\t\t\t\t<\/div>\n\t\t\t\t<div class=\"elementor-element elementor-element-79e3c1c elementor-widget elementor-widget-heading\" data-id=\"79e3c1c\" data-element_type=\"widget\" data-e-type=\"widget\" data-widget_type=\"heading.default\">\n\t\t\t\t<div class=\"elementor-widget-container\">\n\t\t\t\t\t<h2 class=\"elementor-heading-title elementor-size-default\">Boleta de calificaciones<\/h2>\t\t\t\t<\/div>\n\t\t\t\t<\/div>\n\t\t\t\t<div class=\"elementor-element elementor-element-99be44b elementor-widget elementor-widget-text-editor\" data-id=\"99be44b\" data-element_type=\"widget\" data-e-type=\"widget\" data-widget_type=\"text-editor.default\">\n\t\t\t\t<div class=\"elementor-widget-container\">\n\t\t\t\t\t\t\t\t\t<p>Tanto los alumnos como los representantes pueden consultar las boletas de calificaciones cuando el colegio as\u00ed lo decida.<\/p>\t\t\t\t\t\t\t\t<\/div>\n\t\t\t\t<\/div>\n\t\t\t\t\t<\/div>\n\t\t<\/div>\n\t\t\t\t\t<\/div>\n\t\t<\/section>\n\t\t\t\t\t<\/div>\n\t\t<\/div>\n\t\t\t\t\t<\/div>\n\t\t<\/section>\n\t\t\t\t<\/div>\n\t\t","protected":false},"excerpt":{"rendered":"<p>Todo en un solo lugar El sistema permite que el docente pueda calificar las evaluaciones cuantitativas o evaluaciones cualitativas (competencias e indicadores). Eduweb tambi\u00e9n maneja Planes de C\u00e1tedra. Privacidad en el uso de datos El colegio puede compartir f\u00e1cilmente, de manera privada, con cada representante y alumnos el resultado de las calificaciones reflejadas en las [&hellip;]<\/p>\n","protected":false},"author":1,"featured_media":0,"parent":0,"menu_order":0,"comment_status":"closed","ping_status":"closed","template":"","meta":{"footnotes":""},"class_list":["post-4958","page","type-page","status-publish","hentry"],"_links":{"self":[{"href":"https:\/\/www.eduweb.com.ve\/index.php?rest_route=\/wp\/v2\/pages\/4958","targetHints":{"allow":["GET"]}}],"collection":[{"href":"https:\/\/www.eduweb.com.ve\/index.php?rest_route=\/wp\/v2\/pages"}],"about":[{"href":"https:\/\/www.eduweb.com.ve\/index.php?rest_route=\/wp\/v2\/types\/page"}],"author":[{"embeddable":true,"href":"https:\/\/www.eduweb.com.ve\/index.php?rest_route=\/wp\/v2\/users\/1"}],"replies":[{"embeddable":true,"href":"https:\/\/www.eduweb.com.ve\/index.php?rest_route=%2Fwp%2Fv2%2Fcomments&post=4958"}],"version-history":[{"count":9,"href":"https:\/\/www.eduweb.com.ve\/index.php?rest_route=\/wp\/v2\/pages\/4958\/revisions"}],"predecessor-version":[{"id":10023,"href":"https:\/\/www.eduweb.com.ve\/index.php?rest_route=\/wp\/v2\/pages\/4958\/revisions\/10023"}],"wp:attachment":[{"href":"https:\/\/www.eduweb.com.ve\/index.php?rest_route=%2Fwp%2Fv2%2Fmedia&parent=4958"}],"curies":[{"name":"wp","href":"https:\/\/api.w.org\/{rel}","templated":true}]}}